{"id":21,"date":"2025-07-22T09:02:52","date_gmt":"2025-07-22T09:02:52","guid":{"rendered":"https:\/\/juansanz.pro\/about-2\/"},"modified":"2026-03-27T17:55:42","modified_gmt":"2026-03-27T17:55:42","slug":"about-2","status":"publish","type":"page","link":"https:\/\/juansanz.pro\/es\/about-2\/","title":{"rendered":"Acerca de"},"content":{"rendered":"<div class=\"wp-block-uagb-container uagb-block-a2b3fcc4 alignfull uagb-is-root-container\"><div class=\"uagb-container-inner-blocks-wrap\">\n<div class=\"wp-block-uagb-advanced-heading uagb-block-b49651cf\"><h1 class=\"uagb-heading-text\">Acerca De Juan Sanz<\/h1><p class=\"uagb-desc-text\">Descubre el camino de Juan Sanz Alejandre, atleta profesional de MTBO comprometido con la excelencia, la competici\u00f3n y la innovaci\u00f3n.\nInspira a su comunidad a trav\u00e9s de la estrategia, la fuerza y una mentalidad de crecimiento constante.<\/p><\/div>\n<\/div><\/div>\n\n\n\n<div class=\"wp-block-uagb-container uagb-block-9e84cdc4 alignfull uagb-is-root-container\"><div class=\"uagb-container-inner-blocks-wrap\">\n<div class=\"wp-block-uagb-container uagb-block-a2013e3d\">\n<div class=\"wp-block-uagb-image alignleft uagb-block-f3be6002 wp-block-uagb-image--layout-default wp-block-uagb-image--effect-static wp-block-uagb-image--align-left\"><figure class=\"wp-block-uagb-image__figure\"><img decoding=\"async\" srcset=\"https:\/\/juansanz.pro\/wp-content\/uploads\/2025\/07\/samshutter-203-scaled.jpg ,https:\/\/juansanz.pro\/wp-content\/uploads\/2025\/07\/samshutter-203-scaled.jpg 780w, https:\/\/juansanz.pro\/wp-content\/uploads\/2025\/07\/samshutter-203-scaled.jpg 360w\" sizes=\"auto, (max-width: 480px) 150px\" src=\"https:\/\/juansanz.pro\/wp-content\/uploads\/2025\/07\/samshutter-203-scaled.jpg\" alt=\"Samshutter 203 Scaled\" class=\"uag-image-1301\" width=\"560\" height=\"500\" title=\"Acerca de\" loading=\"lazy\" role=\"img\"><\/figure><\/div>\n<\/div>\n\n\n\n<div class=\"wp-block-uagb-container uagb-block-158aba44\">\n<div class=\"wp-block-uagb-advanced-heading uagb-block-844f4164\"><h2 class=\"uagb-heading-text\">Juan Sanz: Comprometido con la excelencia<\/h2><p class=\"uagb-desc-text\">Juan Sanz es un atleta profesional de referencia en la orientaci\u00f3n en MTB, impulsado por la pasi\u00f3n y el compromiso.\nCon numerosos logros a sus espaldas, encarna la perseverancia y se ha convertido en un referente para las nuevas generaciones de deportistas.<\/p><\/div>\n\n\n\n<div class=\"wp-block-uagb-container uagb-block-6c0b9f64\">\n<div class=\"wp-block-uagb-counter uagb-block-10979aef wp-block-uagb-counter--number\"><div class=\"wp-block-uagb-counter__number\"><span class=\"uagb-counter-block-number\" data-duration=\"1.5\" data-to-value=\"20\" data-from-value=\"0\" data-delimiter=\",\"><\/span><span class=\"uagb-counter-block-suffix\">+<\/span><\/div><div class=\"wp-block-uagb-counter__title\">Podios en Campeonatos Nacionales<\/div><\/div>\n\n\n\n<div class=\"wp-block-uagb-counter uagb-block-793ba774 wp-block-uagb-counter--number\"><div class=\"wp-block-uagb-counter__number\"><span class=\"uagb-counter-block-number\" data-duration=\"1.5\" data-to-value=\"35\" data-from-value=\"0\" data-delimiter=\",\"><\/span><span class=\"uagb-counter-block-suffix\">+<\/span><\/div><div class=\"wp-block-uagb-counter__title\">Competiciones Internacionales<\/div><\/div>\n\n\n\n<div class=\"wp-block-uagb-counter uagb-block-1fb05ceb wp-block-uagb-counter--number\"><div class=\"wp-block-uagb-counter__number\"><span class=\"uagb-counter-block-number\" data-duration=\"1.5\" data-to-value=\"20\" data-from-value=\"0\" data-delimiter=\",\"><\/span><span class=\"uagb-counter-block-suffix\">+<\/span><\/div><div class=\"wp-block-uagb-counter__title\">Horas de entrenamiento por semana <\/div><\/div>\n<\/div>\n\n\n\n<div class=\"wp-block-uagb-buttons uagb-buttons__outer-wrap uagb-btn__default-btn uagb-btn-tablet__default-btn uagb-btn-mobile__default-btn uagb-block-f1e4eb8d\"><div class=\"uagb-buttons__wrap uagb-buttons-layout-wrap\">\n<div class=\"wp-block-uagb-buttons-child uagb-buttons__outer-wrap uagb-block-a14d830a wp-block-button\"><div class=\"uagb-button__wrapper\"><a class=\"uagb-buttons-repeater wp-block-button__link\" aria-label=\"\" href=\"\/es\/contact\/\" rel=\"follow noopener\" target=\"_self\" role=\"button\"><div class=\"uagb-button__link\">Contacto<\/div><\/a><\/div><\/div>\n<\/div><\/div>\n<\/div>\n<\/div><\/div>\n\n\n\n<div class=\"wp-block-uagb-container uagb-block-51ea8a6b alignfull uagb-is-root-container\"><\/div>\n\n\n\n<div class=\"wp-block-uagb-container uagb-block-967ef5ef alignfull uagb-is-root-container\"><div class=\"uagb-container-inner-blocks-wrap\">\n<div class=\"wp-block-uagb-container uagb-block-61b8a511\">\n<div class=\"wp-block-uagb-info-box uagb-block-69e857c1 uagb-infobox__content-wrap  uagb-infobox-icon-above-title uagb-infobox-image-valign-top\"><div class=\"uagb-ifb-content\"><div class=\"uagb-ifb-title-wrap\"><span class=\"uagb-ifb-title-prefix\">Misi\u00f3n<\/span><h3 class=\"uagb-ifb-title\">Rendimiento que inspira <\/h3><\/div><p class=\"uagb-ifb-desc\">Promover los valores de alto rendimiento en la orientaci\u00f3n en MTB, fomentando la excelencia, la aventura y el compromiso con la comunidad a trav\u00e9s de alianzas estrat\u00e9gicas y contenido con prop\u00f3sito.<\/p><\/div><\/div>\n\n\n\n<div class=\"wp-block-uagb-image alignleft uagb-block-7912137e wp-block-uagb-image--layout-default wp-block-uagb-image--effect-static wp-block-uagb-image--align-left\"><figure class=\"wp-block-uagb-image__figure\"><img decoding=\"async\" srcset=\"https:\/\/juansanz.pro\/wp-content\/uploads\/2025\/07\/samshutter-186-scaled.jpg \" sizes=\"auto, (max-width: 480px) 150px\" src=\"https:\/\/juansanz.pro\/wp-content\/uploads\/2025\/07\/samshutter-186-scaled.jpg\" alt=\"Samshutter 186 Scaled\" class=\"uag-image-1300\" width=\"560\" height=\"311\" title=\"Acerca de\" loading=\"lazy\" role=\"img\"><\/figure><\/div>\n<\/div>\n\n\n\n<div class=\"wp-block-uagb-container uagb-block-e2113914\">\n<div class=\"wp-block-uagb-info-box uagb-block-af0b05be uagb-infobox__content-wrap  uagb-infobox-icon-above-title uagb-infobox-image-valign-top\"><div class=\"uagb-ifb-content\"><div class=\"uagb-ifb-title-wrap\"><span class=\"uagb-ifb-title-prefix\">Objetivos<\/span><h3 class=\"uagb-ifb-title\">Compromiso y crecimiento<\/h3><\/div><p class=\"uagb-ifb-desc\">Seguir creciendo como figura referente en la comunidad de MTBO, inspirando a otros a trav\u00e9s del rendimiento, alcanzando hitos personales y representando con orgullo a Espa\u00f1a en competiciones internacionales.<\/p><\/div><\/div>\n\n\n\n<div class=\"wp-block-uagb-image alignleft uagb-block-eaefddda wp-block-uagb-image--layout-default wp-block-uagb-image--effect-static wp-block-uagb-image--align-left\"><figure class=\"wp-block-uagb-image__figure\"><img decoding=\"async\" srcset=\"https:\/\/juansanz.pro\/wp-content\/uploads\/2025\/07\/IMG_2784-Photoroom-1024x682.jpg ,https:\/\/juansanz.pro\/wp-content\/uploads\/2025\/07\/IMG_2784-Photoroom.jpg 780w, https:\/\/juansanz.pro\/wp-content\/uploads\/2025\/07\/IMG_2784-Photoroom.jpg 360w\" sizes=\"auto, (max-width: 480px) 150px\" src=\"https:\/\/juansanz.pro\/wp-content\/uploads\/2025\/07\/IMG_2784-Photoroom-1024x682.jpg\" alt=\"img 2784 photoroom\" class=\"uag-image-1493\" width=\"560\" height=\"311\" title=\"img 2784 photoroom\" loading=\"lazy\" role=\"img\"\/><\/figure><\/div>\n<\/div>\n<\/div><\/div>\n\n\n\n<div class=\"wp-block-uagb-container uagb-block-9e82764c alignfull uagb-is-root-container\"><div class=\"uagb-container-inner-blocks-wrap\">\n<div class=\"wp-block-uagb-container uagb-block-43963cc9\">\n<div class=\"wp-block-uagb-info-box uagb-block-d3b1be8f uagb-infobox__content-wrap  uagb-infobox-icon-above-title uagb-infobox-image-valign-top\"><div class=\"uagb-ifb-content\"><div class=\"uagb-ifb-title-wrap\"><span class=\"uagb-ifb-title-prefix\">Valores<\/span><h3 class=\"uagb-ifb-title\">La mentalidad detr\u00e1s de cada decisi\u00f3n<\/h3><\/div><p class=\"uagb-ifb-desc\">Como atleta de \u00e9lite en MTBO, mi misi\u00f3n es alcanzar mi m\u00e1ximo potencial y consolidarme entre los 15 mejores del mundo.\nEncaro cada d\u00eda con una mentalidad de crecimiento, convencido de que todo puede aprenderse, afinarse y mejorarse. Me impulsa la obsesi\u00f3n por perfeccionar cada detalle \u2014f\u00edsico y mental\u2014 dentro y fuera de la bicicleta.\n\nMi camino se construye sobre valores s\u00f3lidos: disciplina, perseverancia y un compromiso a largo plazo con el desarrollo continuo.\nEstos principios definen c\u00f3mo entreno, compito y colaboro con las marcas que represento con orgullo.<\/p><\/div><\/div>\n\n\n\n<div class=\"wp-block-uagb-image alignleft uagb-block-aef2383e wp-block-uagb-image--layout-default wp-block-uagb-image--effect-static wp-block-uagb-image--align-left\"><figure class=\"wp-block-uagb-image__figure\"><img decoding=\"async\" srcset=\"https:\/\/juansanz.pro\/wp-content\/uploads\/2025\/07\/samshutter-167-1024x683.jpg ,https:\/\/juansanz.pro\/wp-content\/uploads\/2025\/07\/samshutter-167-scaled.jpg 780w, https:\/\/juansanz.pro\/wp-content\/uploads\/2025\/07\/samshutter-167-scaled.jpg 360w\" sizes=\"auto, (max-width: 480px) 150px\" src=\"https:\/\/juansanz.pro\/wp-content\/uploads\/2025\/07\/samshutter-167-1024x683.jpg\" alt=\"samshutter 167\" class=\"uag-image-1531\" width=\"560\" height=\"311\" title=\"samshutter 167\" loading=\"lazy\" role=\"img\"\/><\/figure><\/div>\n<\/div>\n\n\n\n<div class=\"wp-block-uagb-container uagb-block-e4046983\">\n<div class=\"wp-block-uagb-info-box uagb-block-d1f7a971 uagb-infobox__content-wrap  uagb-infobox-icon-above-title uagb-infobox-image-valign-top\"><div class=\"uagb-ifb-content\"><div class=\"uagb-ifb-title-wrap\"><span class=\"uagb-ifb-title-prefix\">Visi\u00f3n <\/span><h3 class=\"uagb-ifb-title\">M\u00e1s que deporte: Prop\u00f3sito e impacto<\/h3><\/div><p class=\"uagb-ifb-desc\">Mi visi\u00f3n es inspirar a los ciclistas a entrenar con pasi\u00f3n, disfrutar del deporte y vivir con prop\u00f3sito, colaborando con marcas que comparten los mismos valores de mejora continua, innovaci\u00f3n y excelencia.<br>A trav\u00e9s de mi proyecto de marca personal, tambi\u00e9n busco ayudar a las personas a mejorar su calidad de vida y su rendimiento, promoviendo los beneficios del entrenamiento de fuerza como una parte fundamental de su desarrollo.<\/p><\/div><\/div>\n\n\n\n<div class=\"wp-block-uagb-image alignleft uagb-block-7a7e08b9 wp-block-uagb-image--layout-default wp-block-uagb-image--effect-static wp-block-uagb-image--align-left\"><figure class=\"wp-block-uagb-image__figure\"><img decoding=\"async\" srcset=\"https:\/\/juansanz.pro\/wp-content\/uploads\/2025\/07\/samshutter-210-1024x683.jpg ,https:\/\/juansanz.pro\/wp-content\/uploads\/2025\/07\/samshutter-210-scaled.jpg 780w, https:\/\/juansanz.pro\/wp-content\/uploads\/2025\/07\/samshutter-210-scaled.jpg 360w\" sizes=\"auto, (max-width: 480px) 150px\" src=\"https:\/\/juansanz.pro\/wp-content\/uploads\/2025\/07\/samshutter-210-1024x683.jpg\" alt=\"Samshutter 210 1024x683\" class=\"uag-image-1529\" width=\"560\" height=\"311\" title=\"Acerca de\" loading=\"lazy\" role=\"presentation\"><\/figure><\/div>\n<\/div>\n<\/div><\/div>\n\n\n\n<div class=\"wp-block-uagb-container uagb-block-74795b04 alignfull uagb-is-root-container\"><div class=\"uagb-container-inner-blocks-wrap\">\n<div class=\"wp-block-uagb-info-box uagb-block-00f0b231 uagb-infobox__content-wrap  uagb-infobox-icon-above-title uagb-infobox-image-valign-top\"><div class=\"uagb-ifb-content\"><div class=\"uagb-ifb-title-wrap\"><h2 class=\"uagb-ifb-title\">Da el siguiente paso ahora<\/h2><\/div><\/div><\/div>\n\n\n\n<div class=\"wp-block-uagb-buttons uagb-buttons__outer-wrap uagb-btn__default-btn uagb-btn-tablet__default-btn uagb-btn-mobile__default-btn uagb-block-32003b56\"><div class=\"uagb-buttons__wrap uagb-buttons-layout-wrap\">\n<div class=\"wp-block-uagb-buttons-child uagb-buttons__outer-wrap uagb-block-85cf7f71 wp-block-button\"><div class=\"uagb-button__wrapper\"><a class=\"uagb-buttons-repeater wp-block-button__link\" aria-label=\"\" href=\"\/es\/contact\/\" rel=\"follow noopener\" target=\"_self\" role=\"button\"><div class=\"uagb-button__link\">Conacta aqu\u00ed<\/div><\/a><\/div><\/div>\n<\/div><\/div>\n<\/div><\/div>","protected":false},"excerpt":{"rendered":"<p>About Juan Sanz Discover the journey of Juan Sanz Alejandre, a professional MTBO athlete dedicated to excellence, competition, and innovation, [&hellip;]<\/p>\n","protected":false},"author":1,"featured_media":0,"parent":0,"menu_order":0,"comment_status":"closed","ping_status":"closed","template":"","meta":{"_uag_custom_page_level_css":"","site-sidebar-layout":"default","site-content-layout":"","ast-site-content-layout":"full-width-container","site-content-style":"default","site-sidebar-style":"default","ast-global-header-display":"","ast-banner-title-visibility":"disabled","ast-main-header-display":"","ast-hfb-above-header-display":"","ast-hfb-below-header-display":"","ast-hfb-mobile-header-display":"","site-post-title":"disabled","ast-breadcrumbs-content":"","ast-featured-img":"","footer-sml-layout":"","theme-transparent-header-meta":"default","adv-header-id-meta":"","stick-header-meta":"","header-above-stick-meta":"","header-main-stick-meta":"","header-below-stick-meta":"","astra-migrate-meta-layouts":"default","ast-page-background-enabled":"default","ast-page-background-meta":{"desktop":{"background-color":"var(--ast-global-color-4)","background-image":"","background-repeat":"repeat","background-position":"center center","background-size":"auto","background-attachment":"scroll","background-type":"","background-media":"","overlay-type":"","overlay-color":"","overlay-opacity":"","overlay-gradient":""},"tablet":{"background-color":"","background-image":"","background-repeat":"repeat","background-position":"center center","background-size":"auto","background-attachment":"scroll","background-type":"","background-media":"","overlay-type":"","overlay-color":"","overlay-opacity":"","overlay-gradient":""},"mobile":{"background-color":"","background-image":"","background-repeat":"repeat","background-position":"center center","background-size":"auto","background-attachment":"scroll","background-type":"","background-media":"","overlay-type":"","overlay-color":"","overlay-opacity":"","overlay-gradient":""}},"ast-content-background-meta":{"desktop":{"background-color":"var(--ast-global-color-5)","background-image":"","background-repeat":"repeat","background-position":"center center","background-size":"auto","background-attachment":"scroll","background-type":"","background-media":"","overlay-type":"","overlay-color":"","overlay-opacity":"","overlay-gradient":""},"tablet":{"background-color":"var(--ast-global-color-5)","background-image":"","background-repeat":"repeat","background-position":"center center","background-size":"auto","background-attachment":"scroll","background-type":"","background-media":"","overlay-type":"","overlay-color":"","overlay-opacity":"","overlay-gradient":""},"mobile":{"background-color":"var(--ast-global-color-5)","background-image":"","background-repeat":"repeat","background-position":"center center","background-size":"auto","background-attachment":"scroll","background-type":"","background-media":"","overlay-type":"","overlay-color":"","overlay-opacity":"","overlay-gradient":""}},"footnotes":""},"class_list":["post-21","page","type-page","status-publish","hentry"],"aioseo_notices":[],"uagb_featured_image_src":{"full":false,"thumbnail":false,"medium":false,"medium_large":false,"large":false,"1536x1536":false,"2048x2048":false,"trp-custom-language-flag":false},"uagb_author_info":{"display_name":"sanzalejandrejuan@gmail.com","author_link":"https:\/\/juansanz.pro\/es\/author\/sanzalejandrejuangmail-com\/"},"uagb_comment_info":0,"uagb_excerpt":"About Juan Sanz Discover the journey of Juan Sanz Alejandre, a professional MTBO athlete dedicated to excellence, competition, and innovation, [&hellip;]","_links":{"self":[{"href":"https:\/\/juansanz.pro\/es\/wp-json\/wp\/v2\/pages\/21","targetHints":{"allow":["GET"]}}],"collection":[{"href":"https:\/\/juansanz.pro\/es\/wp-json\/wp\/v2\/pages"}],"about":[{"href":"https:\/\/juansanz.pro\/es\/wp-json\/wp\/v2\/types\/page"}],"author":[{"embeddable":true,"href":"https:\/\/juansanz.pro\/es\/wp-json\/wp\/v2\/users\/1"}],"replies":[{"embeddable":true,"href":"https:\/\/juansanz.pro\/es\/wp-json\/wp\/v2\/comments?post=21"}],"version-history":[{"count":8,"href":"https:\/\/juansanz.pro\/es\/wp-json\/wp\/v2\/pages\/21\/revisions"}],"predecessor-version":[{"id":1617,"href":"https:\/\/juansanz.pro\/es\/wp-json\/wp\/v2\/pages\/21\/revisions\/1617"}],"wp:attachment":[{"href":"https:\/\/juansanz.pro\/es\/wp-json\/wp\/v2\/media?parent=21"}],"curies":[{"name":"wp","href":"https:\/\/api.w.org\/{rel}","templated":true}]}}