{"id":20,"date":"2025-07-22T09:02:52","date_gmt":"2025-07-22T09:02:52","guid":{"rendered":"https:\/\/juansanz.pro\/services-2\/"},"modified":"2026-03-27T16:40:01","modified_gmt":"2026-03-27T16:40:01","slug":"services-2-3","status":"publish","type":"page","link":"https:\/\/juansanz.pro\/es\/services-2-3\/","title":{"rendered":"Servicios"},"content":{"rendered":"<div class=\"wp-block-uagb-container uagb-block-a2b3fcc4 alignfull uagb-is-root-container\"><div class=\"uagb-container-inner-blocks-wrap\">\n<div class=\"wp-block-uagb-advanced-heading uagb-block-b49651cf\"><h1 class=\"uagb-heading-text\">Experiencia en MTBO<\/h1><p class=\"uagb-desc-text\">Colabora con un atleta de alto rendimiento en el mundo del MTBO para amplificar el alcance de tu marca, sus valores y su conexi\u00f3n con una audiencia apasionada por el deporte y la naturaleza.<\/p><\/div>\n<\/div><\/div>\n\n\n\n<div class=\"wp-block-uagb-container uagb-block-kct3hsbn alignfull uagb-is-root-container\"><div class=\"uagb-container-inner-blocks-wrap\">\n<div class=\"wp-block-uagb-info-box uagb-block-4ekldn1w uagb-infobox__content-wrap  uagb-infobox-icon-above-title uagb-infobox-image-valign-top\"><div class=\"uagb-ifb-content\"><div class=\"uagb-ifb-title-wrap\"><h2 class=\"uagb-ifb-title\">Oportunidades De Patrocinio<\/h2><\/div><p class=\"uagb-ifb-desc\"><strong>Colaborar con Juan Sanz Alejandre significa ir m\u00e1s all\u00e1 de los logotipos y la visibilidad superficial.<\/strong><br>Como atleta de alto rendimiento en MTBO y creador de contenido con una audiencia de m\u00e1s de 49.500 seguidores, ayudo a las marcas a crecer a trav\u00e9s de la competici\u00f3n de \u00e9lite, contenido con prop\u00f3sito y una comunidad comprometida.<br>Actualmente, busco partners comprometidos que me ayuden a competir a nivel internacional y alcanzar objetivos ambiciosos.\nEste apoyo puede materializarse a trav\u00e9s de patrocinio econ\u00f3mico o mediante productos de alto rendimiento.<br>A continuaci\u00f3n encontrar\u00e1s distintas opciones de patrocinio adaptadas a los objetivos de cada marca\u2014ya sea visibilidad, storytelling aut\u00e9ntico o una conexi\u00f3n profunda con la audiencia.\nHablemos y construyamos juntos algo que nos impulse de verdad hacia adelante.<\/p><\/div><\/div>\n\n\n\n<figure class=\"wp-block-table\"><table class=\"has-fixed-layout\"><tbody><tr><td>Nivel<\/td><td>La inversi\u00f3n<\/td><td>La Colocaci\u00f3n Del Logotipo De<\/td><td>Medios De Comunicaci\u00f3n Social De La Exposici\u00f3n<\/td><td>Beneficios Adicionales<\/td><\/tr><tr><td>\u2b50 Oro<\/td><td>$100 \u2013 $750<\/td><td>Mangas, laterales, espalda baja (logotipo peque\u00f1o)<\/td><td>\u2013 4 post\/a\u00f1o (alimentaci\u00f3n o rodillos)<br>\u2013 Agrupados Instagram Historia menciona<br>\u2013 B\u00e1sicos de la inclusi\u00f3n de aspectos Destacados de la Historia<\/td><td>\u2013 Logotipo en la p\u00e1gina web<br>\u2013 Imagen de marca<br>\u2013 Etiqueta en reels\/historias<\/td><\/tr><tr><td>\ud83d\udca0 Platino<\/td><td>$750 \u2013 $2,500<\/td><td>Frente abdomen + espalda baja (logotipo medio)<\/td><td>\u2013 10 post\/a\u00f1o (bobinas, de alimentaci\u00f3n, de historias)<br>\u2013 Stories destacadas en perfil<\/td><td>\u2013 3 fotos profesionales en carrera<br>\u2013 Logotipo + enlace en el sitio web<br>\u2013 Sorteo o marca post<br>\u2013 Modelo para el sitio web de la marca<\/td><\/tr><tr><td>\ud83d\udc8e Diamante<\/td><td>\u20ac2,500 \u2013 \u20ac10,000<\/td><td>Pecho + espalda superior (logo grande)<\/td><td>\u2013 25+  post\/a\u00f1o<br>\u2013 Stories destacados<\/td><td>\u2013 Sesi\u00f3n de Fotos\/Video<br>\u2013 Derechos de imagen para sus anuncios<br>\u2013 Modelo para el sitio web de la marca<br>\u2013 Asistencia a los eventos (si es necesario)<br>Informe anual incluiyendo los resultados de la competici\u00f3n, m\u00e9tricas redes sociales, y retroalimentaci\u00f3n (especialmente si es producto)<\/td><\/tr><\/tbody><\/table><\/figure>\n\n\n\n<div class=\"wp-block-uagb-image aligncenter uagb-block-e58853d9 wp-block-uagb-image--layout-default wp-block-uagb-image--effect-zoomin wp-block-uagb-image--align-center\"><figure class=\"wp-block-uagb-image__figure\"><img decoding=\"async\" srcset=\"https:\/\/juansanz.pro\/wp-content\/uploads\/2025\/07\/GOLD-1.png ,https:\/\/juansanz.pro\/wp-content\/uploads\/2025\/07\/GOLD-1.png 780w, https:\/\/juansanz.pro\/wp-content\/uploads\/2025\/07\/GOLD-1.png 360w\" sizes=\"auto, (max-width: 480px) 150px\" src=\"https:\/\/juansanz.pro\/wp-content\/uploads\/2025\/07\/GOLD-1.png\" alt=\"GOLD 1\" class=\"uag-image-1554\" width=\"600\" height=\"251\" title=\"Servicios\" loading=\"lazy\" role=\"img\"><\/figure><\/div>\n<\/div><\/div>\n\n\n\n<div class=\"wp-block-uagb-container uagb-block-b910cbb3 alignfull uagb-is-root-container\"><div class=\"uagb-container-inner-blocks-wrap\">\n<div class=\"wp-block-uagb-container uagb-block-0e050199\">\n<div class=\"wp-block-uagb-container uagb-block-7601768f\">\n<div class=\"wp-block-uagb-container uagb-block-98a734cc\"><\/div>\n\n\n\n<div class=\"wp-block-uagb-container uagb-block-f328f6e0\">\n<div class=\"wp-block-uagb-info-box uagb-block-46951895 uagb-infobox__content-wrap  uagb-infobox-icon-above-title uagb-infobox-image-valign-top\"><div class=\"uagb-ifb-content\"><div class=\"uagb-ifb-title-wrap\"><p class=\"uagb-ifb-title\">Alta visibilidad en un objetivo de nicho<\/p><\/div><p class=\"uagb-ifb-desc\">Acceso directo a una comunidad de 49,5 K+ y exposici\u00f3n de la marca en eventos nacionales e internacionales con los medios de comunicaci\u00f3n y la industria de la presencia.<\/p><\/div><\/div>\n<\/div>\n<\/div>\n\n\n\n<div class=\"wp-block-uagb-container uagb-block-e53ada75\">\n<div class=\"wp-block-uagb-container uagb-block-afb08024\"><\/div>\n\n\n\n<div class=\"wp-block-uagb-container uagb-block-65ac6715\">\n<div class=\"wp-block-uagb-info-box uagb-block-e9ca4dc8 uagb-infobox__content-wrap  uagb-infobox-icon-above-title uagb-infobox-image-valign-top\"><div class=\"uagb-ifb-content\"><div class=\"uagb-ifb-title-wrap\"><p class=\"uagb-ifb-title\">An\u00e1lisis De Rendimiento<\/p><\/div><p class=\"uagb-ifb-desc\">An\u00e1lisis completo de tus m\u00e9tricas de rendimiento para perfeccionar t\u00e9cnicas y estrategias.<\/p><\/div><\/div>\n<\/div>\n<\/div>\n<\/div>\n\n\n\n<div class=\"wp-block-uagb-container uagb-block-058d6a84\">\n<div class=\"wp-block-uagb-container uagb-block-bdeed575\">\n<div class=\"wp-block-uagb-container uagb-block-4e6574b8\"><\/div>\n\n\n\n<div class=\"wp-block-uagb-container uagb-block-f0e8e51a\">\n<div class=\"wp-block-uagb-info-box uagb-block-0d7ba74f uagb-infobox__content-wrap  uagb-infobox-icon-above-title uagb-infobox-image-valign-top\"><div class=\"uagb-ifb-content\"><div class=\"uagb-ifb-title-wrap\"><p class=\"uagb-ifb-title\">Marca Colaboraciones<\/p><\/div><p class=\"uagb-ifb-desc\">As\u00f3ciate a una marca personal con valores s\u00f3lidos. Visibilidad real, presencia en eventos, contenido aut\u00e9ntico y conexi\u00f3n directa con una comunidad comprometida.<\/p><\/div><\/div>\n<\/div>\n<\/div>\n\n\n\n<div class=\"wp-block-uagb-container uagb-block-134b945b\">\n<div class=\"wp-block-uagb-container uagb-block-2be2f339\"><\/div>\n\n\n\n<div class=\"wp-block-uagb-container uagb-block-8c2fbf19\">\n<div class=\"wp-block-uagb-info-box uagb-block-8846553f uagb-infobox__content-wrap  uagb-infobox-icon-above-title uagb-infobox-image-valign-top\"><div class=\"uagb-ifb-content\"><div class=\"uagb-ifb-title-wrap\"><p class=\"uagb-ifb-title\">Potente posicionamiento de la marca<\/p><\/div><p class=\"uagb-ifb-desc\">Presencia de marca en espacios clave donde se valora la calidad y el rendimiento real.<\/p><\/div><\/div>\n<\/div>\n<\/div>\n<\/div>\n\n\n\n<div class=\"wp-block-uagb-container uagb-block-1f247ebc\">\n<div class=\"wp-block-uagb-container uagb-block-9c3d26cc\">\n<div class=\"wp-block-uagb-container uagb-block-61ccace1\"><\/div>\n\n\n\n<div class=\"wp-block-uagb-container uagb-block-58661da6\">\n<div class=\"wp-block-uagb-info-box uagb-block-cd2fadb7 uagb-infobox__content-wrap  uagb-infobox-icon-above-title uagb-infobox-image-valign-top\"><div class=\"uagb-ifb-content\"><div class=\"uagb-ifb-title-wrap\"><p class=\"uagb-ifb-title\">Confianza y credibilidad<\/p><\/div><p class=\"uagb-ifb-desc\">Vincularse a mi marca implica alinearse con principios firmes como la disciplina, la excelencia profesional y una visi\u00f3n de largo plazo<\/p><\/div><\/div>\n<\/div>\n<\/div>\n\n\n\n<div class=\"wp-block-uagb-container uagb-block-9e3dd0e7\">\n<div class=\"wp-block-uagb-container uagb-block-d423199f\"><\/div>\n\n\n\n<div class=\"wp-block-uagb-container uagb-block-894f8e88\">\n<div class=\"wp-block-uagb-info-box uagb-block-f9d70bf4 uagb-infobox__content-wrap  uagb-infobox-icon-above-title uagb-infobox-image-valign-top\"><div class=\"uagb-ifb-content\"><div class=\"uagb-ifb-title-wrap\"><p class=\"uagb-ifb-title\">Compromiso real y presencia en el terreno.<\/p><\/div><p class=\"uagb-ifb-desc\">Visibilidad del logo de la marca en mi equipaci\u00f3n oficial, sitio web, publicaciones en redes sociales y bolet\u00edn informativo.<\/p><\/div><\/div>\n<\/div>\n<\/div>\n<\/div>\n\n\n\n<div class=\"wp-block-uagb-container uagb-block-c4ff6a6e\">\n<div class=\"wp-block-uagb-container uagb-block-b70b2bd3\">\n<div class=\"wp-block-uagb-container uagb-block-cc6f8fd3\"><\/div>\n\n\n\n<div class=\"wp-block-uagb-container uagb-block-4b6d3791\">\n<div class=\"wp-block-uagb-info-box uagb-block-f84ccec8 uagb-infobox__content-wrap  uagb-infobox-icon-above-title uagb-infobox-image-valign-top\"><div class=\"uagb-ifb-content\"><div class=\"uagb-ifb-title-wrap\"><p class=\"uagb-ifb-title\">Evento De Las Apariencias<\/p><\/div><p class=\"uagb-ifb-desc\">Cuenta conmigo para participar en tus eventos, aportando experiencia y valor a cada ocasi\u00f3n.<\/p><\/div><\/div>\n<\/div>\n<\/div>\n\n\n\n<div class=\"wp-block-uagb-container uagb-block-8fff2dc5\">\n<div class=\"wp-block-uagb-container uagb-block-76575679\"><\/div>\n\n\n\n<div class=\"wp-block-uagb-container uagb-block-0ed98161\">\n<div class=\"wp-block-uagb-info-box uagb-block-e7ec9cd8 uagb-infobox__content-wrap  uagb-infobox-icon-above-title uagb-infobox-image-valign-top\"><div class=\"uagb-ifb-content\"><div class=\"uagb-ifb-title-wrap\"><p class=\"uagb-ifb-title\">Merchandising Personalizado<\/p><\/div><p class=\"uagb-ifb-desc\">Dise\u00f1o de productos personalizados que generen impacto en tu audiencia y transmitan el car\u00e1cter competitivo de la marca<\/p><\/div><\/div>\n<\/div>\n<\/div>\n<\/div>\n<\/div><\/div>\n\n\n\n<div class=\"wp-block-uagb-container uagb-block-74795b04 alignfull uagb-is-root-container\"><div class=\"uagb-container-inner-blocks-wrap\">\n<div class=\"wp-block-uagb-info-box uagb-block-00f0b231 uagb-infobox__content-wrap  uagb-infobox-icon-above-title uagb-infobox-image-valign-top\"><div class=\"uagb-ifb-content\"><div class=\"uagb-ifb-title-wrap\"><h2 class=\"uagb-ifb-title\">Da el siguiente paso ahora<\/h2><\/div><\/div><\/div>\n\n\n\n<div class=\"wp-block-uagb-buttons uagb-buttons__outer-wrap uagb-btn__default-btn uagb-btn-tablet__default-btn uagb-btn-mobile__default-btn uagb-block-32003b56\"><div class=\"uagb-buttons__wrap uagb-buttons-layout-wrap\">\n<div class=\"wp-block-uagb-buttons-child uagb-buttons__outer-wrap uagb-block-85cf7f71 wp-block-button\"><div class=\"uagb-button__wrapper\"><a class=\"uagb-buttons-repeater wp-block-button__link\" aria-label=\"\" href=\"\/es\/contact\/\" rel=\"follow noopener\" target=\"_self\" role=\"button\"><div class=\"uagb-button__link\">Conacta aqu\u00ed<\/div><\/a><\/div><\/div>\n<\/div><\/div>\n<\/div><\/div>","protected":false},"excerpt":{"rendered":"<p>Expertise in MTBO Partner with a high-performance athlete in the world of MTBO to amplify your brand\u2019s reach, values, and [&hellip;]<\/p>\n","protected":false},"author":1,"featured_media":0,"parent":0,"menu_order":0,"comment_status":"closed","ping_status":"closed","template":"","meta":{"_uag_custom_page_level_css":"","site-sidebar-layout":"no-sidebar","site-content-layout":"","ast-site-content-layout":"full-width-container","site-content-style":"unboxed","site-sidebar-style":"default","ast-global-header-display":"","ast-banner-title-visibility":"disabled","ast-main-header-display":"","ast-hfb-above-header-display":"","ast-hfb-below-header-display":"","ast-hfb-mobile-header-display":"","site-post-title":"disabled","ast-breadcrumbs-content":"","ast-featured-img":"","footer-sml-layout":"","theme-transparent-header-meta":"default","adv-header-id-meta":"","stick-header-meta":"","header-above-stick-meta":"","header-main-stick-meta":"","header-below-stick-meta":"","astra-migrate-meta-layouts":"default","ast-page-background-enabled":"default","ast-page-background-meta":{"desktop":{"background-color":"var(--ast-global-color-4)","background-image":"","background-repeat":"repeat","background-position":"center center","background-size":"auto","background-attachment":"scroll","background-type":"","background-media":"","overlay-type":"","overlay-color":"","overlay-opacity":"","overlay-gradient":""},"tablet":{"background-color":"","background-image":"","background-repeat":"repeat","background-position":"center center","background-size":"auto","background-attachment":"scroll","background-type":"","background-media":"","overlay-type":"","overlay-color":"","overlay-opacity":"","overlay-gradient":""},"mobile":{"background-color":"","background-image":"","background-repeat":"repeat","background-position":"center center","background-size":"auto","background-attachment":"scroll","background-type":"","background-media":"","overlay-type":"","overlay-color":"","overlay-opacity":"","overlay-gradient":""}},"ast-content-background-meta":{"desktop":{"background-color":"var(--ast-global-color-5)","background-image":"","background-repeat":"repeat","background-position":"center center","background-size":"auto","background-attachment":"scroll","background-type":"","background-media":"","overlay-type":"","overlay-color":"","overlay-opacity":"","overlay-gradient":""},"tablet":{"background-color":"var(--ast-global-color-5)","background-image":"","background-repeat":"repeat","background-position":"center center","background-size":"auto","background-attachment":"scroll","background-type":"","background-media":"","overlay-type":"","overlay-color":"","overlay-opacity":"","overlay-gradient":""},"mobile":{"background-color":"var(--ast-global-color-5)","background-image":"","background-repeat":"repeat","background-position":"center center","background-size":"auto","background-attachment":"scroll","background-type":"","background-media":"","overlay-type":"","overlay-color":"","overlay-opacity":"","overlay-gradient":""}},"footnotes":""},"class_list":["post-20","page","type-page","status-publish","hentry"],"aioseo_notices":[],"uagb_featured_image_src":{"full":false,"thumbnail":false,"medium":false,"medium_large":false,"large":false,"1536x1536":false,"2048x2048":false,"trp-custom-language-flag":false},"uagb_author_info":{"display_name":"sanzalejandrejuan@gmail.com","author_link":"https:\/\/juansanz.pro\/es\/author\/sanzalejandrejuangmail-com\/"},"uagb_comment_info":0,"uagb_excerpt":"Expertise in MTBO Partner with a high-performance athlete in the world of MTBO to amplify your brand\u2019s reach, values, and [&hellip;]","_links":{"self":[{"href":"https:\/\/juansanz.pro\/es\/wp-json\/wp\/v2\/pages\/20","targetHints":{"allow":["GET"]}}],"collection":[{"href":"https:\/\/juansanz.pro\/es\/wp-json\/wp\/v2\/pages"}],"about":[{"href":"https:\/\/juansanz.pro\/es\/wp-json\/wp\/v2\/types\/page"}],"author":[{"embeddable":true,"href":"https:\/\/juansanz.pro\/es\/wp-json\/wp\/v2\/users\/1"}],"replies":[{"embeddable":true,"href":"https:\/\/juansanz.pro\/es\/wp-json\/wp\/v2\/comments?post=20"}],"version-history":[{"count":9,"href":"https:\/\/juansanz.pro\/es\/wp-json\/wp\/v2\/pages\/20\/revisions"}],"predecessor-version":[{"id":1606,"href":"https:\/\/juansanz.pro\/es\/wp-json\/wp\/v2\/pages\/20\/revisions\/1606"}],"wp:attachment":[{"href":"https:\/\/juansanz.pro\/es\/wp-json\/wp\/v2\/media?parent=20"}],"curies":[{"name":"wp","href":"https:\/\/api.w.org\/{rel}","templated":true}]}}